{"id":2808,"date":"2025-11-12T20:39:51","date_gmt":"2025-11-12T20:39:51","guid":{"rendered":"https:\/\/skyparkingaerodrom.rs\/loyalty-program\/"},"modified":"2025-11-12T20:39:51","modified_gmt":"2025-11-12T20:39:51","slug":"loyalty-program","status":"publish","type":"page","link":"https:\/\/skyparkingaerodrom.rs\/en\/loyalty-program\/","title":{"rendered":"Loyalty program"},"content":{"rendered":"\t\t<div data-elementor-type=\"wp-page\" data-elementor-id=\"2808\" class=\"elementor elementor-2808 elementor-2791\" data-elementor-post-type=\"page\">\n\t\t\t\t\t\t<section class=\"elementor-section elementor-top-section elementor-element elementor-element-649c975 elementor-section-boxed elementor-section-height-default elementor-section-height-default\" data-id=\"649c975\" data-element_type=\"section\" data-e-type=\"section\" data-settings=\"{&quot;background_background&quot;:&quot;classic&quot;}\">\n\t\t\t\t\t\t\t<div class=\"elementor-background-overlay\"><\/div>\n\t\t\t\t\t\t\t<div class=\"elementor-container elementor-column-gap-default\">\n\t\t\t\t\t<div class=\"elementor-column elementor-col-100 elementor-top-column elementor-element elementor-element-5a45a4a\" data-id=\"5a45a4a\" data-element_type=\"column\" data-e-type=\"column\">\n\t\t\t<div class=\"elementor-widget-wrap elementor-element-populated\">\n\t\t\t\t\t\t<div class=\"elementor-element elementor-element-9a5707d elementor-widget elementor-widget-heading\" data-id=\"9a5707d\" data-element_type=\"widget\" data-e-type=\"widget\" data-widget_type=\"heading.default\">\n\t\t\t\t<div class=\"elementor-widget-container\">\n\t\t\t\t\t<h1 class=\"elementor-heading-title elementor-size-xl\">Sky parking - Loyalty program <\/h1>\t\t\t\t<\/div>\n\t\t\t\t<\/div>\n\t\t\t\t\t<\/div>\n\t\t<\/div>\n\t\t\t\t\t<\/div>\n\t\t<\/section>\n\t\t\t\t<section class=\"elementor-section elementor-top-section elementor-element elementor-element-d9abbc6 elementor-section-boxed elementor-section-height-default elementor-section-height-default\" data-id=\"d9abbc6\" data-element_type=\"section\" data-e-type=\"section\">\n\t\t\t\t\t\t<div class=\"elementor-container elementor-column-gap-default\">\n\t\t\t\t\t<div class=\"elementor-column elementor-col-100 elementor-top-column elementor-element elementor-element-b8850eb\" data-id=\"b8850eb\" data-element_type=\"column\" data-e-type=\"column\">\n\t\t\t<div class=\"elementor-widget-wrap elementor-element-populated\">\n\t\t\t\t\t\t<div class=\"elementor-element elementor-element-5f22b8a elementor-widget elementor-widget-spacer\" data-id=\"5f22b8a\" data-element_type=\"widget\" data-e-type=\"widget\" data-widget_type=\"spacer.default\">\n\t\t\t\t<div class=\"elementor-widget-container\">\n\t\t\t\t\t\t\t<div class=\"elementor-spacer\">\n\t\t\t<div class=\"elementor-spacer-inner\"><\/div>\n\t\t<\/div>\n\t\t\t\t\t\t<\/div>\n\t\t\t\t<\/div>\n\t\t\t\t\t<\/div>\n\t\t<\/div>\n\t\t\t\t\t<\/div>\n\t\t<\/section>\n\t\t\t\t<section class=\"elementor-section elementor-top-section elementor-element elementor-element-290ba84 elementor-section-boxed elementor-section-height-default elementor-section-height-default\" data-id=\"290ba84\" data-element_type=\"section\" data-e-type=\"section\">\n\t\t\t\t\t\t<div class=\"elementor-container elementor-column-gap-default\">\n\t\t\t\t\t<div class=\"elementor-column elementor-col-25 elementor-top-column elementor-element elementor-element-631b7bb\" data-id=\"631b7bb\" data-element_type=\"column\" data-e-type=\"column\">\n\t\t\t<div class=\"elementor-widget-wrap elementor-element-populated\">\n\t\t\t\t\t\t<div class=\"elementor-element elementor-element-6de2fe6 elementor-widget elementor-widget-text-editor\" data-id=\"6de2fe6\" data-element_type=\"widget\" data-e-type=\"widget\" data-widget_type=\"text-editor.default\">\n\t\t\t\t<div class=\"elementor-widget-container\">\n\t\t\t\t\t\t\t\t\t<p><strong>The highest\u2011rated airport parking in Belgrade.<\/strong><\/p>\t\t\t\t\t\t\t\t<\/div>\n\t\t\t\t<\/div>\n\t\t\t\t\t<\/div>\n\t\t<\/div>\n\t\t\t\t<div class=\"elementor-column elementor-col-25 elementor-top-column elementor-element elementor-element-18c4902\" data-id=\"18c4902\" data-element_type=\"column\" data-e-type=\"column\">\n\t\t\t<div class=\"elementor-widget-wrap elementor-element-populated\">\n\t\t\t\t\t\t<div class=\"elementor-element elementor-element-94a90bb elementor-arrows-yes elementor-pagination-type-bullets elementor-review--has-separator elementor--star-style-star_fontawesome elementor-widget elementor-widget-reviews\" data-id=\"94a90bb\" data-element_type=\"widget\" data-e-type=\"widget\" data-settings=\"{&quot;space_between&quot;:{&quot;unit&quot;:&quot;px&quot;,&quot;size&quot;:13,&quot;sizes&quot;:[]},&quot;show_arrows&quot;:&quot;yes&quot;,&quot;pagination&quot;:&quot;bullets&quot;,&quot;speed&quot;:500,&quot;autoplay&quot;:&quot;yes&quot;,&quot;autoplay_speed&quot;:5000,&quot;loop&quot;:&quot;yes&quot;,&quot;pause_on_hover&quot;:&quot;yes&quot;,&quot;pause_on_interaction&quot;:&quot;yes&quot;,&quot;space_between_tablet&quot;:{&quot;unit&quot;:&quot;px&quot;,&quot;size&quot;:10,&quot;sizes&quot;:[]},&quot;space_between_mobile&quot;:{&quot;unit&quot;:&quot;px&quot;,&quot;size&quot;:10,&quot;sizes&quot;:[]}}\" data-widget_type=\"reviews.default\">\n\t\t\t\t<div class=\"elementor-widget-container\">\n\t\t\t\t\t\t\t\t\t<div class=\"elementor-swiper\">\n\t\t\t\t\t<div class=\"elementor-main-swiper swiper\" role=\"region\" aria-roledescription=\"carousel\" aria-label=\"Slides\">\n\t\t\t\t<div class=\"swiper-wrapper\">\n\t\t\t\t\t\t\t\t\t\t\t<div class=\"swiper-slide\" role=\"group\" aria-roledescription=\"slide\">\n\t\t\t\t\t\t\t\t\t<div class=\"elementor-testimonial elementor-repeater-item-209dd37\">\n\t\t\t\t\t\t\t<a class=\"elementor-testimonial__header\" href=\"https:\/\/share.google\/vmsBJYZDpfCjWjXW5\">\n\t\t\t\t\t\t\t\t\t\t\t<div class=\"elementor-testimonial__image\">\n\t\t\t\t\t\t\t<img decoding=\"async\" src=\"https:\/\/skyparkingaerodrom.rs\/wp-content\/uploads\/2025\/11\/ReviewUs-Sticker-squashed.webp\" alt=\"4.9\">\n\t\t\t\t\t\t\t\t\t\t\t\t\t<\/div>\n\t\t\t\t\t\t\t\t\t\t<cite class=\"elementor-testimonial__cite\"><span class=\"elementor-testimonial__name\">4.9<\/span><span class=\"elementor-testimonial__title\">520+ review<\/span><\/cite>\t\t\t\t\t<div class=\"elementor-testimonial__icon elementor-icon elementor-icon-google\" aria-label=\"Read More\"><i aria-hidden=\"true\" class=\"fab fa-google\"><\/i><\/div>\t\t\t\t<\/a>\n\t\t\t\t\t\t\t\t\t\t<div class=\"elementor-testimonial__content\">\n\t\t\t\t\t<div class=\"elementor-testimonial__text\">\n\t\t\t\t\t\tGoogle review\t\t\t\t\t<\/div>\n\t\t\t\t<\/div>\n\t\t\t\t\t<\/div>\n\t\t\t\t\t\t\t\t<\/div>\n\t\t\t\t\t\t\t\t\t<\/div>\n\t\t\t\t\t\t\t<\/div>\n\t\t\t\t<\/div>\n\t\t\t\t\t\t\t\t<\/div>\n\t\t\t\t<\/div>\n\t\t\t\t\t<\/div>\n\t\t<\/div>\n\t\t\t\t<div class=\"elementor-column elementor-col-25 elementor-top-column elementor-element elementor-element-3d05113\" data-id=\"3d05113\" data-element_type=\"column\" data-e-type=\"column\">\n\t\t\t<div class=\"elementor-widget-wrap elementor-element-populated\">\n\t\t\t\t\t\t<div class=\"elementor-element elementor-element-f6c1d4e elementor-widget elementor-widget-counter\" data-id=\"f6c1d4e\" data-element_type=\"widget\" data-e-type=\"widget\" data-widget_type=\"counter.default\">\n\t\t\t\t<div class=\"elementor-widget-container\">\n\t\t\t\t\t\t\t<div class=\"elementor-counter\">\n\t\t\t<div class=\"elementor-counter-title\">Years<\/div>\t\t\t<div class=\"elementor-counter-number-wrapper\">\n\t\t\t\t<span class=\"elementor-counter-number-prefix\"><\/span>\n\t\t\t\t<span class=\"elementor-counter-number\" data-duration=\"3000\" data-to-value=\"6\" data-from-value=\"0\" data-delimiter=\",\">0<\/span>\n\t\t\t\t<span class=\"elementor-counter-number-suffix\">+<\/span>\n\t\t\t<\/div>\n\t\t<\/div>\n\t\t\t\t\t\t<\/div>\n\t\t\t\t<\/div>\n\t\t\t\t\t<\/div>\n\t\t<\/div>\n\t\t\t\t<div class=\"elementor-column elementor-col-25 elementor-top-column elementor-element elementor-element-331311f\" data-id=\"331311f\" data-element_type=\"column\" data-e-type=\"column\">\n\t\t\t<div class=\"elementor-widget-wrap elementor-element-populated\">\n\t\t\t\t\t\t<div class=\"elementor-element elementor-element-183b8ba elementor-widget elementor-widget-counter\" data-id=\"183b8ba\" data-element_type=\"widget\" data-e-type=\"widget\" data-widget_type=\"counter.default\">\n\t\t\t\t<div class=\"elementor-widget-container\">\n\t\t\t\t\t\t\t<div class=\"elementor-counter\">\n\t\t\t<div class=\"elementor-counter-title\">Satisfied customers<\/div>\t\t\t<div class=\"elementor-counter-number-wrapper\">\n\t\t\t\t<span class=\"elementor-counter-number-prefix\"><\/span>\n\t\t\t\t<span class=\"elementor-counter-number\" data-duration=\"2000\" data-to-value=\"20000\" data-from-value=\"0\" data-delimiter=\",\">0<\/span>\n\t\t\t\t<span class=\"elementor-counter-number-suffix\">+<\/span>\n\t\t\t<\/div>\n\t\t<\/div>\n\t\t\t\t\t\t<\/div>\n\t\t\t\t<\/div>\n\t\t\t\t\t<\/div>\n\t\t<\/div>\n\t\t\t\t\t<\/div>\n\t\t<\/section>\n\t\t\t\t<section class=\"elementor-section elementor-top-section elementor-element elementor-element-34adcaf elementor-section-boxed elementor-section-height-default elementor-section-height-default\" data-id=\"34adcaf\" data-element_type=\"section\" data-e-type=\"section\">\n\t\t\t\t\t\t<div class=\"elementor-container elementor-column-gap-default\">\n\t\t\t\t\t<div class=\"elementor-column elementor-col-100 elementor-top-column elementor-element elementor-element-329119d\" data-id=\"329119d\" data-element_type=\"column\" data-e-type=\"column\">\n\t\t\t<div class=\"elementor-widget-wrap elementor-element-populated\">\n\t\t\t\t\t\t<div class=\"elementor-element elementor-element-da4d721 elementor-widget elementor-widget-text-editor\" data-id=\"da4d721\" data-element_type=\"widget\" data-e-type=\"widget\" data-widget_type=\"text-editor.default\">\n\t\t\t\t<div class=\"elementor-widget-container\">\n\t\t\t\t\t\t\t\t\t<p><b>The more you park, the more you save! <\/b><span style=\"font-weight: 400;\">Become a Silver or Gold member of the Sky Parking loyalty program and save on every parking session. The program is very simple \u2013 after the 5th. The program is very simple \u2013 after the 5th parking, you receive a 10% discount on every subsequent parking, and after the 15th\u2026 you receive a 20% discount on every subsequent parking. Once you become a member of our loyalty program, you can use the discounts without any restrictions. Membership duration is unlimited!<\/span><\/p><p style=\"text-align: justify;\"> <\/p><p><span style=\"font-weight: 400;\">Below, there can be a visual representation of the two options \u2013 Silver and Gold \u2013 where the required number of parkings for each card and the corresponding discount are clearly indicated. <\/span><\/p>\t\t\t\t\t\t\t\t<\/div>\n\t\t\t\t<\/div>\n\t\t\t\t\t<\/div>\n\t\t<\/div>\n\t\t\t\t\t<\/div>\n\t\t<\/section>\n\t\t\t\t<section class=\"elementor-section elementor-top-section elementor-element elementor-element-8fb458e elementor-section-boxed elementor-section-height-default elementor-section-height-default\" data-id=\"8fb458e\" data-element_type=\"section\" data-e-type=\"section\">\n\t\t\t\t\t\t<div class=\"elementor-container elementor-column-gap-default\">\n\t\t\t\t\t<div class=\"elementor-column elementor-col-100 elementor-top-column elementor-element elementor-element-5378a64\" data-id=\"5378a64\" data-element_type=\"column\" data-e-type=\"column\">\n\t\t\t<div class=\"elementor-widget-wrap elementor-element-populated\">\n\t\t\t\t\t\t<div class=\"elementor-element elementor-element-a251709 elementor-cta--skin-classic elementor-animated-content elementor-bg-transform elementor-bg-transform-zoom-in elementor-widget elementor-widget-call-to-action\" data-id=\"a251709\" data-element_type=\"widget\" data-e-type=\"widget\" data-widget_type=\"call-to-action.default\">\n\t\t\t\t<div class=\"elementor-widget-container\">\n\t\t\t\t\t\t\t<div class=\"elementor-cta\">\n\t\t\t\t\t\t\t<div class=\"elementor-cta__content\">\n\t\t\t\t\n\t\t\t\t\t\t\t\t\t<h2 class=\"elementor-cta__title elementor-cta__content-item elementor-content-item\">\n\t\t\t\t\t\tPrivate parking near Belgrade Airport\t\t\t\t\t<\/h2>\n\t\t\t\t\n\t\t\t\t\t\t\t\t\t<div class=\"elementor-cta__description elementor-cta__content-item elementor-content-item\">\n\t\t\t\t\t\tCheaper than a taxi, safer than the streets, and easier than negotiating with relatives and friends! For passengers using Belgrade Airport, we offer parking services at a prime location \u2013 just 3 minutes from the airport. You won\u2019t have to worry about getting to Nikola Tesla Airport, as transportation to the airport and back to the parking is free of charge. Whether you\u2019re staying for a few days or longer, secure your spot at our parking lot now.\t\t\t\t\t<\/div>\n\t\t\t\t\n\t\t\t\t\t\t\t\t\t<div class=\"elementor-cta__button-wrapper elementor-cta__content-item elementor-content-item \">\n\t\t\t\t\t<a class=\"elementor-cta__button elementor-button elementor-size-\" href=\"https:\/\/skyparkingaerodrom.rs\/en\/contact\/\">\n\t\t\t\t\t\tReserve your spot today\t\t\t\t\t<\/a>\n\t\t\t\t\t<\/div>\n\t\t\t\t\t\t\t<\/div>\n\t\t\t\t\t\t<\/div>\n\t\t\t\t\t\t<\/div>\n\t\t\t\t<\/div>\n\t\t\t\t\t<\/div>\n\t\t<\/div>\n\t\t\t\t\t<\/div>\n\t\t<\/section>\n\t\t\t\t<\/div>\n\t\t","protected":false},"excerpt":{"rendered":"<p>Sky parking &#8211; Loyalty program The highest\u2011rated airport parking in Belgrade. 4.9520+ review Google review Years 0 + Satisfied customers 0 + The more you park, the more you save! Become a Silver or Gold member of the Sky Parking loyalty program and save on every parking session. The program is very simple \u2013 after [&hellip;]<\/p>\n","protected":false},"author":1,"featured_media":0,"parent":0,"menu_order":0,"comment_status":"closed","ping_status":"closed","template":"","meta":{"site-sidebar-layout":"no-sidebar","site-content-layout":"page-builder","ast-site-content-layout":"default","site-content-style":"default","site-sidebar-style":"default","ast-global-header-display":"","ast-banner-title-visibility":"","ast-main-header-display":"","ast-hfb-above-header-display":"","ast-hfb-below-header-display":"","ast-hfb-mobile-header-display":"","site-post-title":"disabled","ast-breadcrumbs-content":"","ast-featured-img":"disabled","footer-sml-layout":"","ast-disable-related-posts":"","theme-transparent-header-meta":"default","adv-header-id-meta":"","stick-header-meta":"default","header-above-stick-meta":"","header-main-stick-meta":"","header-below-stick-meta":"","astra-migrate-meta-layouts":"default","ast-page-background-enabled":"default","ast-page-background-meta":{"desktop":{"background-color":"","background-image":"","background-repeat":"repeat","background-position":"center center","background-size":"auto","background-attachment":"scroll","background-type":"","background-media":"","overlay-type":"","overlay-color":"","overlay-opacity":"","overlay-gradient":""},"tablet":{"background-color":"","background-image":"","background-repeat":"repeat","background-position":"center center","background-size":"auto","background-attachment":"scroll","background-type":"","background-media":"","overlay-type":"","overlay-color":"","overlay-opacity":"","overlay-gradient":""},"mobile":{"background-color":"","background-image":"","background-repeat":"repeat","background-position":"center center","background-size":"auto","background-attachment":"scroll","background-type":"","background-media":"","overlay-type":"","overlay-color":"","overlay-opacity":"","overlay-gradient":""}},"ast-content-background-meta":{"desktop":{"background-color":"var(--ast-global-color-5)","background-image":"","background-repeat":"repeat","background-position":"center center","background-size":"auto","background-attachment":"scroll","background-type":"","background-media":"","overlay-type":"","overlay-color":"","overlay-opacity":"","overlay-gradient":""},"tablet":{"background-color":"var(--ast-global-color-5)","background-image":"","background-repeat":"repeat","background-position":"center center","background-size":"auto","background-attachment":"scroll","background-type":"","background-media":"","overlay-type":"","overlay-color":"","overlay-opacity":"","overlay-gradient":""},"mobile":{"background-color":"var(--ast-global-color-5)","background-image":"","background-repeat":"repeat","background-position":"center center","background-size":"auto","background-attachment":"scroll","background-type":"","background-media":"","overlay-type":"","overlay-color":"","overlay-opacity":"","overlay-gradient":""}},"footnotes":""},"class_list":["post-2808","page","type-page","status-publish","hentry"],"yoast_head":"<!-- This site is optimized with the Yoast SEO plugin v27.6 - https:\/\/yoast.com\/product\/yoast-seo-wordpress\/ -->\n<title>Stay near Nikola Tesla Airport, Sur\u010din- Sky parking<\/title>\n<meta name=\"description\" content=\"Ukoliko \u017eelite sme\u0161taj u blizini aerodroma Nikola Tesla, Sky parking je obezbedio preno\u0107i\u0161te za vas i va\u0161e poslovne partnere, prijatelje ili rodjake.\" \/>\n<meta name=\"robots\" content=\"index, follow, max-snippet:-1, max-image-preview:large, max-video-preview:-1\" \/>\n<link rel=\"canonical\" href=\"https:\/\/skyparkingaerodrom.rs\/en\/loyalty-program\/\" \/>\n<meta property=\"og:locale\" content=\"en_US\" \/>\n<meta property=\"og:type\" content=\"article\" \/>\n<meta property=\"og:title\" content=\"Stay near Nikola Tesla Airport, Sur\u010din- Sky parking\" \/>\n<meta property=\"og:description\" content=\"Ukoliko \u017eelite sme\u0161taj u blizini aerodroma Nikola Tesla, Sky parking je obezbedio preno\u0107i\u0161te za vas i va\u0161e poslovne partnere, prijatelje ili rodjake.\" \/>\n<meta property=\"og:url\" content=\"https:\/\/skyparkingaerodrom.rs\/en\/loyalty-program\/\" \/>\n<meta property=\"og:site_name\" content=\"Sky parking\" \/>\n<meta property=\"og:image\" content=\"https:\/\/skyparkingaerodrom.rs\/wp-content\/uploads\/2025\/11\/ReviewUs-Sticker-squashed.webp\" \/>\n<meta name=\"twitter:card\" content=\"summary_large_image\" \/>\n<meta name=\"twitter:label1\" content=\"Est. reading time\" \/>\n\t<meta name=\"twitter:data1\" content=\"1 minute\" \/>\n<script type=\"application\/ld+json\" class=\"yoast-schema-graph\">{\"@context\":\"https:\\\/\\\/schema.org\",\"@graph\":[{\"@type\":\"WebPage\",\"@id\":\"https:\\\/\\\/skyparkingaerodrom.rs\\\/en\\\/loyalty-program\\\/\",\"url\":\"https:\\\/\\\/skyparkingaerodrom.rs\\\/en\\\/loyalty-program\\\/\",\"name\":\"Stay near Nikola Tesla Airport, Sur\u010din- Sky parking\",\"isPartOf\":{\"@id\":\"https:\\\/\\\/skyparkingaerodrom.rs\\\/#website\"},\"primaryImageOfPage\":{\"@id\":\"https:\\\/\\\/skyparkingaerodrom.rs\\\/en\\\/loyalty-program\\\/#primaryimage\"},\"image\":{\"@id\":\"https:\\\/\\\/skyparkingaerodrom.rs\\\/en\\\/loyalty-program\\\/#primaryimage\"},\"thumbnailUrl\":\"https:\\\/\\\/skyparkingaerodrom.rs\\\/wp-content\\\/uploads\\\/2025\\\/11\\\/ReviewUs-Sticker-squashed.webp\",\"datePublished\":\"2025-11-12T20:39:51+00:00\",\"description\":\"Ukoliko \u017eelite sme\u0161taj u blizini aerodroma Nikola Tesla, Sky parking je obezbedio preno\u0107i\u0161te za vas i va\u0161e poslovne partnere, prijatelje ili rodjake.\",\"breadcrumb\":{\"@id\":\"https:\\\/\\\/skyparkingaerodrom.rs\\\/en\\\/loyalty-program\\\/#breadcrumb\"},\"inLanguage\":\"en-US\",\"potentialAction\":[{\"@type\":\"ReadAction\",\"target\":[\"https:\\\/\\\/skyparkingaerodrom.rs\\\/en\\\/loyalty-program\\\/\"]}]},{\"@type\":\"ImageObject\",\"inLanguage\":\"en-US\",\"@id\":\"https:\\\/\\\/skyparkingaerodrom.rs\\\/en\\\/loyalty-program\\\/#primaryimage\",\"url\":\"https:\\\/\\\/skyparkingaerodrom.rs\\\/wp-content\\\/uploads\\\/2025\\\/11\\\/ReviewUs-Sticker-squashed.webp\",\"contentUrl\":\"https:\\\/\\\/skyparkingaerodrom.rs\\\/wp-content\\\/uploads\\\/2025\\\/11\\\/ReviewUs-Sticker-squashed.webp\"},{\"@type\":\"BreadcrumbList\",\"@id\":\"https:\\\/\\\/skyparkingaerodrom.rs\\\/en\\\/loyalty-program\\\/#breadcrumb\",\"itemListElement\":[{\"@type\":\"ListItem\",\"position\":1,\"name\":\"Home\",\"item\":\"https:\\\/\\\/skyparkingaerodrom.rs\\\/en\\\/\"},{\"@type\":\"ListItem\",\"position\":2,\"name\":\"Loyalty program\"}]},{\"@type\":\"WebSite\",\"@id\":\"https:\\\/\\\/skyparkingaerodrom.rs\\\/#website\",\"url\":\"https:\\\/\\\/skyparkingaerodrom.rs\\\/\",\"name\":\"Sky parking\",\"description\":\"Just another WordPress site\",\"publisher\":{\"@id\":\"https:\\\/\\\/skyparkingaerodrom.rs\\\/#organization\"},\"potentialAction\":[{\"@type\":\"SearchAction\",\"target\":{\"@type\":\"EntryPoint\",\"urlTemplate\":\"https:\\\/\\\/skyparkingaerodrom.rs\\\/?s={search_term_string}\"},\"query-input\":{\"@type\":\"PropertyValueSpecification\",\"valueRequired\":true,\"valueName\":\"search_term_string\"}}],\"inLanguage\":\"en-US\"},{\"@type\":\"Organization\",\"@id\":\"https:\\\/\\\/skyparkingaerodrom.rs\\\/#organization\",\"name\":\"Sky parking\",\"url\":\"https:\\\/\\\/skyparkingaerodrom.rs\\\/\",\"logo\":{\"@type\":\"ImageObject\",\"inLanguage\":\"en-US\",\"@id\":\"https:\\\/\\\/skyparkingaerodrom.rs\\\/#\\\/schema\\\/logo\\\/image\\\/\",\"url\":\"https:\\\/\\\/skyparkingaerodrom.rs\\\/wp-content\\\/uploads\\\/2021\\\/06\\\/parking-aerodrom-beograd.png\",\"contentUrl\":\"https:\\\/\\\/skyparkingaerodrom.rs\\\/wp-content\\\/uploads\\\/2021\\\/06\\\/parking-aerodrom-beograd.png\",\"width\":500,\"height\":173,\"caption\":\"Sky parking\"},\"image\":{\"@id\":\"https:\\\/\\\/skyparkingaerodrom.rs\\\/#\\\/schema\\\/logo\\\/image\\\/\"}}]}<\/script>\n<!-- \/ Yoast SEO plugin. -->","yoast_head_json":{"title":"Stay near Nikola Tesla Airport, Sur\u010din- Sky parking","description":"Ukoliko \u017eelite sme\u0161taj u blizini aerodroma Nikola Tesla, Sky parking je obezbedio preno\u0107i\u0161te za vas i va\u0161e poslovne partnere, prijatelje ili rodjake.","robots":{"index":"index","follow":"follow","max-snippet":"max-snippet:-1","max-image-preview":"max-image-preview:large","max-video-preview":"max-video-preview:-1"},"canonical":"https:\/\/skyparkingaerodrom.rs\/en\/loyalty-program\/","og_locale":"en_US","og_type":"article","og_title":"Stay near Nikola Tesla Airport, Sur\u010din- Sky parking","og_description":"Ukoliko \u017eelite sme\u0161taj u blizini aerodroma Nikola Tesla, Sky parking je obezbedio preno\u0107i\u0161te za vas i va\u0161e poslovne partnere, prijatelje ili rodjake.","og_url":"https:\/\/skyparkingaerodrom.rs\/en\/loyalty-program\/","og_site_name":"Sky parking","og_image":[{"url":"https:\/\/skyparkingaerodrom.rs\/wp-content\/uploads\/2025\/11\/ReviewUs-Sticker-squashed.webp","type":"","width":"","height":""}],"twitter_card":"summary_large_image","twitter_misc":{"Est. reading time":"1 minute"},"schema":{"@context":"https:\/\/schema.org","@graph":[{"@type":"WebPage","@id":"https:\/\/skyparkingaerodrom.rs\/en\/loyalty-program\/","url":"https:\/\/skyparkingaerodrom.rs\/en\/loyalty-program\/","name":"Stay near Nikola Tesla Airport, Sur\u010din- Sky parking","isPartOf":{"@id":"https:\/\/skyparkingaerodrom.rs\/#website"},"primaryImageOfPage":{"@id":"https:\/\/skyparkingaerodrom.rs\/en\/loyalty-program\/#primaryimage"},"image":{"@id":"https:\/\/skyparkingaerodrom.rs\/en\/loyalty-program\/#primaryimage"},"thumbnailUrl":"https:\/\/skyparkingaerodrom.rs\/wp-content\/uploads\/2025\/11\/ReviewUs-Sticker-squashed.webp","datePublished":"2025-11-12T20:39:51+00:00","description":"Ukoliko \u017eelite sme\u0161taj u blizini aerodroma Nikola Tesla, Sky parking je obezbedio preno\u0107i\u0161te za vas i va\u0161e poslovne partnere, prijatelje ili rodjake.","breadcrumb":{"@id":"https:\/\/skyparkingaerodrom.rs\/en\/loyalty-program\/#breadcrumb"},"inLanguage":"en-US","potentialAction":[{"@type":"ReadAction","target":["https:\/\/skyparkingaerodrom.rs\/en\/loyalty-program\/"]}]},{"@type":"ImageObject","inLanguage":"en-US","@id":"https:\/\/skyparkingaerodrom.rs\/en\/loyalty-program\/#primaryimage","url":"https:\/\/skyparkingaerodrom.rs\/wp-content\/uploads\/2025\/11\/ReviewUs-Sticker-squashed.webp","contentUrl":"https:\/\/skyparkingaerodrom.rs\/wp-content\/uploads\/2025\/11\/ReviewUs-Sticker-squashed.webp"},{"@type":"BreadcrumbList","@id":"https:\/\/skyparkingaerodrom.rs\/en\/loyalty-program\/#breadcrumb","itemListElement":[{"@type":"ListItem","position":1,"name":"Home","item":"https:\/\/skyparkingaerodrom.rs\/en\/"},{"@type":"ListItem","position":2,"name":"Loyalty program"}]},{"@type":"WebSite","@id":"https:\/\/skyparkingaerodrom.rs\/#website","url":"https:\/\/skyparkingaerodrom.rs\/","name":"Sky parking","description":"Just another WordPress site","publisher":{"@id":"https:\/\/skyparkingaerodrom.rs\/#organization"},"potentialAction":[{"@type":"SearchAction","target":{"@type":"EntryPoint","urlTemplate":"https:\/\/skyparkingaerodrom.rs\/?s={search_term_string}"},"query-input":{"@type":"PropertyValueSpecification","valueRequired":true,"valueName":"search_term_string"}}],"inLanguage":"en-US"},{"@type":"Organization","@id":"https:\/\/skyparkingaerodrom.rs\/#organization","name":"Sky parking","url":"https:\/\/skyparkingaerodrom.rs\/","logo":{"@type":"ImageObject","inLanguage":"en-US","@id":"https:\/\/skyparkingaerodrom.rs\/#\/schema\/logo\/image\/","url":"https:\/\/skyparkingaerodrom.rs\/wp-content\/uploads\/2021\/06\/parking-aerodrom-beograd.png","contentUrl":"https:\/\/skyparkingaerodrom.rs\/wp-content\/uploads\/2021\/06\/parking-aerodrom-beograd.png","width":500,"height":173,"caption":"Sky parking"},"image":{"@id":"https:\/\/skyparkingaerodrom.rs\/#\/schema\/logo\/image\/"}}]}},"_links":{"self":[{"href":"https:\/\/skyparkingaerodrom.rs\/en\/wp-json\/wp\/v2\/pages\/2808","targetHints":{"allow":["GET"]}}],"collection":[{"href":"https:\/\/skyparkingaerodrom.rs\/en\/wp-json\/wp\/v2\/pages"}],"about":[{"href":"https:\/\/skyparkingaerodrom.rs\/en\/wp-json\/wp\/v2\/types\/page"}],"author":[{"embeddable":true,"href":"https:\/\/skyparkingaerodrom.rs\/en\/wp-json\/wp\/v2\/users\/1"}],"replies":[{"embeddable":true,"href":"https:\/\/skyparkingaerodrom.rs\/en\/wp-json\/wp\/v2\/comments?post=2808"}],"version-history":[{"count":1,"href":"https:\/\/skyparkingaerodrom.rs\/en\/wp-json\/wp\/v2\/pages\/2808\/revisions"}],"predecessor-version":[{"id":2809,"href":"https:\/\/skyparkingaerodrom.rs\/en\/wp-json\/wp\/v2\/pages\/2808\/revisions\/2809"}],"wp:attachment":[{"href":"https:\/\/skyparkingaerodrom.rs\/en\/wp-json\/wp\/v2\/media?parent=2808"}],"curies":[{"name":"wp","href":"https:\/\/api.w.org\/{rel}","templated":true}]}}